{"id":47,"date":"2023-10-21T19:54:31","date_gmt":"2023-10-21T19:54:31","guid":{"rendered":"https:\/\/strauss-digital.com\/?page_id=47"},"modified":"2024-03-16T16:30:15","modified_gmt":"2024-03-16T16:30:15","slug":"contact","status":"publish","type":"page","link":"https:\/\/strauss-digital.com\/?page_id=47","title":{"rendered":"Kontakt"},"content":{"rendered":"\n<div class=\"wp-block-columns alignfull has-background-color-background-color has-background is-layout-flex wp-container-core-columns-is-layout-9d6595d7 wp-block-columns-is-layout-flex\">\n<div class=\"wp-block-column is-layout-flow wp-block-column-is-layout-flow\">\n<div style=\"height:56px\" aria-hidden=\"true\" class=\"wp-block-spacer\"><\/div>\n\n\n\n<div style=\"width: 100%\"><iframe loading=\"lazy\" width=\"100%\" height=\"400\" frameborder=\"0\" scrolling=\"no\" marginheight=\"0\" marginwidth=\"0\" <iframe loading=\"lazy\" style=\"filter: invert(90%) hue-rotate(180deg)\" src=\"https:\/\/www.google.com\/maps\/embed?pb=!1m18!1m12!1m3!1d819.370288536719!2d16.327527827860923!3d46.30939752122297!2m3!1f0!2f0!3f0!3m2!1i1024!2i768!4f13.1!3m3!1m2!1s0x4768abc5d82e6a67%3A0x5442d76b13e71bd6!2sStrauss%20Tree!5e0!3m2!1shr!2shr!4v1701202781207!5m2!1shr!2shr?&#038; width=100%25&amp;height=400&amp;hl=en&amp;q=povernei%2020+(My%20Business%20Name)&amp;t=&amp;&#038;z=14&amp;ie=UTF8&amp;iwloc=B&amp;output=embed\"><\/iframe><\/div>\n\n\n\n<div style=\"height:30px\" aria-hidden=\"true\" class=\"wp-block-spacer\"><\/div>\n\n\n\n<div class=\"wp-block-group\"><div class=\"wp-block-group__inner-container is-layout-constrained wp-block-group-is-layout-constrained\">\n<div class=\"wp-block-group\"><div class=\"wp-block-group__inner-container is-layout-constrained wp-block-group-is-layout-constrained\">\n<h2 class=\"wp-block-heading\"><mark style=\"background-color:rgba(0, 0, 0, 0);color:#c5a36e\" class=\"has-inline-color\">Prona\u0111ite nas na lokaciji<\/mark><\/h2>\n\n\n\n<p><mark style=\"background-color:rgba(0, 0, 0, 0);color:#999999\" class=\"has-inline-color\">\u0160etali\u0161te Ivana Pavla II, Ul. Ratimira Hercega 22, 42 000 Vara\u017edin<\/mark><\/p>\n\n\n\n<h2 class=\"wp-block-heading\"><mark style=\"background-color:rgba(0, 0, 0, 0);color:#c5a36e\" class=\"has-inline-color\">Kontakt e-mail<\/mark><\/h2>\n\n\n\n<p><a href=\"mailto: info@strauss-digital.com\"><mark style=\"background-color:rgba(0, 0, 0, 0);color:#0063ff\" class=\"has-inline-color\">info@strauss-digital.com<\/mark><\/a><\/p>\n\n\n\n<h2 class=\"wp-block-heading\"><mark style=\"background-color:rgba(0, 0, 0, 0);color:#c5a36e\" class=\"has-inline-color\">Kontakt obrazac:<\/mark><\/h2>\n\n\n<div class=\"wpforms-container wpforms-container-full wpforms-block wpforms-block-800a36d8-a26a-4f2f-a05e-bf690f38eada\" id=\"wpforms-90\"><form id=\"wpforms-form-90\" class=\"wpforms-validate wpforms-form\" data-formid=\"90\" method=\"post\" enctype=\"multipart\/form-data\" action=\"\/index.php?rest_route=%2Fwp%2Fv2%2Fpages%2F47\" data-token=\"f650fe42be92fe2453bf18f53593fc1c\" data-token-time=\"1776502875\"><noscript class=\"wpforms-error-noscript\">Please enable JavaScript in your browser to complete this form.<\/noscript><div class=\"wpforms-field-container\"><div id=\"wpforms-90-field_0-container\" class=\"wpforms-field wpforms-field-name\" data-field-id=\"0\"><label class=\"wpforms-field-label\" for=\"wpforms-90-field_0\">Ime i Prezime \/ Poduze\u0107e <span class=\"wpforms-required-label\">*<\/span><\/label><input type=\"text\" id=\"wpforms-90-field_0\" class=\"wpforms-field-large wpforms-field-required\" name=\"wpforms[fields][0]\" required><div class=\"wpforms-field-description\">Unesite Va\u0161e Ime i Prezime i\/ili ime Poduze\u0107a<\/div><\/div><div id=\"wpforms-90-field_1-container\" class=\"wpforms-field wpforms-field-email\" data-field-id=\"1\"><label class=\"wpforms-field-label\" for=\"wpforms-90-field_1\">E-mail <span class=\"wpforms-required-label\">*<\/span><\/label><input type=\"email\" id=\"wpforms-90-field_1\" class=\"wpforms-field-large wpforms-field-required\" name=\"wpforms[fields][1]\" spellcheck=\"false\" required><div class=\"wpforms-field-description\">Unesite valjanu e-mail adresu na koju \u0161aljemo ponudu ili odgovor na Va\u0161 upit<\/div><\/div><div id=\"wpforms-90-field_4-container\" class=\"wpforms-field wpforms-field-name\" data-field-id=\"4\"><label class=\"wpforms-field-label\" for=\"wpforms-90-field_4\">Kontakt broj telefona <span class=\"wpforms-required-label\">*<\/span><\/label><input type=\"text\" id=\"wpforms-90-field_4\" class=\"wpforms-field-large wpforms-field-required\" name=\"wpforms[fields][4]\" required><div class=\"wpforms-field-description\">Unesite broj telefona na koji Vas mo\u017eemo kontaktirati u slu\u010daju potrebe (npr. +385 99 999 9999)<\/div><\/div><div id=\"wpforms-90-field_2-container\" class=\"wpforms-field wpforms-field-textarea\" data-field-id=\"2\"><label class=\"wpforms-field-label\" for=\"wpforms-90-field_2\">Poruka ili upit <span class=\"wpforms-required-label\">*<\/span><\/label><textarea id=\"wpforms-90-field_2\" class=\"wpforms-field-medium wpforms-field-required\" name=\"wpforms[fields][2]\" required><\/textarea><div class=\"wpforms-field-description\">Detaljnije opi\u0161ite za koju ste ponudu zainteresirani (npr. reklama od 15 sekundi u planu od godinu dana), \u0161to Va\u0161 oglas prikazuje te imate li ve\u0107 izra\u0111enu reklamu u video formatu.<\/div><\/div><\/div><!-- .wpforms-field-container --><div class=\"wpforms-recaptcha-container wpforms-is-recaptcha wpforms-is-recaptcha-type-v2\" ><div class=\"g-recaptcha\" data-sitekey=\"6Ld-dVYpAAAAAA0SBz_cP0GBMHTSaCFUIFnBPMnx\"><\/div><input type=\"text\" name=\"g-recaptcha-hidden\" class=\"wpforms-recaptcha-hidden\" style=\"position:absolute!important;clip:rect(0,0,0,0)!important;height:1px!important;width:1px!important;border:0!important;overflow:hidden!important;padding:0!important;margin:0!important;\" data-rule-recaptcha=\"1\"><\/div><div class=\"wpforms-submit-container\" ><input type=\"hidden\" name=\"wpforms[id]\" value=\"90\"><input type=\"hidden\" name=\"page_title\" value=\"\"><input type=\"hidden\" name=\"page_url\" value=\"https:\/\/strauss-digital.com\/index.php?rest_route=\/wp\/v2\/pages\/47\"><input type=\"hidden\" name=\"url_referer\" value=\"\"><button type=\"submit\" name=\"wpforms[submit]\" id=\"wpforms-submit-90\" class=\"wpforms-submit\" data-alt-text=\"Slanje...\" data-submit-text=\"Po\u0161alji\" aria-live=\"assertive\" value=\"wpforms-submit\">Po\u0161alji<\/button><\/div><\/form><\/div>  <!-- .wpforms-container --><\/div><\/div>\n<\/div><\/div>\n<\/div>\n<\/div>\n\n\n\n<div style=\"height:30px\" aria-hidden=\"true\" class=\"wp-block-spacer\"><\/div>\n\n\n\n<div class=\"wp-block-gutsliders-logo-carousel gutslider-eda64c1c nav_inside nav_bc has__pagination\" data-swiper-options=\"{&quot;slidesPerView&quot;:4,&quot;spaceBetween&quot;:0,&quot;loop&quot;:true,&quot;autoplay&quot;:{&quot;delay&quot;:1000,&quot;pauseOnMouseEnter&quot;:false,&quot;stopOnLastSlide&quot;:false,&quot;reverseDirection&quot;:false},&quot;speed&quot;:1000,&quot;navigation&quot;:false,&quot;pagination&quot;:{&quot;el&quot;:&quot;.gutslider-eda64c1c .swiper-pagination&quot;,&quot;type&quot;:&quot;bullets&quot;,&quot;dynamicBullets&quot;:true,&quot;clickable&quot;:true},&quot;effect&quot;:&quot;slide&quot;,&quot;keyboard&quot;:{&quot;enabled&quot;:false},&quot;mousewheel&quot;:true,&quot;breakpoints&quot;:{&quot;400&quot;:{&quot;slidesPerView&quot;:&quot;1&quot;,&quot;spaceBetween&quot;:&quot;1&quot;},&quot;600&quot;:{&quot;slidesPerView&quot;:2,&quot;spaceBetween&quot;:15},&quot;1025&quot;:{&quot;slidesPerView&quot;:3,&quot;spaceBetween&quot;:15}}}\"><div class=\"swiper\"><div class=\"swiper-wrapper\"><div class=\"swiper-slide\"><div class=\"swiper-container-outer zoom__in\"><div class=\"gutslider-overlay\"><a class=\"overlay-icon\" href=\"https:\/\/www.guinness.com\/en\" target=\"_blank\" rel=\"noopener noreferrer\"><svg xmlns=\"http:\/\/www.w3.org\/2000\/svg\" width=\"16\" height=\"16\" fill=\"currentColor\" viewBox=\"0 0 16 16\"><path d=\"M4.715 6.542 3.343 7.914a3 3 0 1 0 4.243 4.243l1.828-1.829A3 3 0 0 0 8.586 5.5L8 6.086a1.002 1.002 0 0 0-.154.199 2 2 0 0 1 .861 3.337L6.88 11.45a2 2 0 1 1-2.83-2.83l.793-.792a4.018 4.018 0 0 1-.128-1.287z\"><\/path><path d=\"M6.586 4.672A3 3 0 0 0 7.414 9.5l.775-.776a2 2 0 0 1-.896-3.346L9.12 3.55a2 2 0 1 1 2.83 2.83l-.793.792c.112.42.155.855.128 1.287l1.372-1.372a3 3 0 1 0-4.243-4.243L6.586 4.672z\"><\/path><\/svg><\/a><\/div><img decoding=\"async\" src=\"https:\/\/strauss-digital.com\/wp-content\/uploads\/2024\/03\/Untitled_design__6_-removebg-preview-1.png\" alt=\"\"\/><\/div><\/div><div class=\"swiper-slide\"><div class=\"swiper-container-outer zoom__in\"><div class=\"gutslider-overlay\"><a class=\"overlay-icon\" href=\"https:\/\/www.coca-cola.com\/hr\/hr\" target=\"_blank\" rel=\"noopener noreferrer\"><svg xmlns=\"http:\/\/www.w3.org\/2000\/svg\" width=\"16\" height=\"16\" fill=\"currentColor\" viewBox=\"0 0 16 16\"><path d=\"M4.715 6.542 3.343 7.914a3 3 0 1 0 4.243 4.243l1.828-1.829A3 3 0 0 0 8.586 5.5L8 6.086a1.002 1.002 0 0 0-.154.199 2 2 0 0 1 .861 3.337L6.88 11.45a2 2 0 1 1-2.83-2.83l.793-.792a4.018 4.018 0 0 1-.128-1.287z\"><\/path><path d=\"M6.586 4.672A3 3 0 0 0 7.414 9.5l.775-.776a2 2 0 0 1-.896-3.346L9.12 3.55a2 2 0 1 1 2.83 2.83l-.793.792c.112.42.155.855.128 1.287l1.372-1.372a3 3 0 1 0-4.243-4.243L6.586 4.672z\"><\/path><\/svg><\/a><\/div><img decoding=\"async\" src=\"https:\/\/strauss-digital.com\/wp-content\/uploads\/2024\/03\/Untitled_design__3_-removebg-preview-1.png\" alt=\"\"\/><\/div><\/div><div class=\"swiper-slide\"><div class=\"swiper-container-outer zoom__in\"><div class=\"gutslider-overlay\"><a class=\"overlay-icon\" href=\"https:\/\/www.illy.com\/en-ww\/home\" target=\"_blank\" rel=\"noopener noreferrer\"><svg xmlns=\"http:\/\/www.w3.org\/2000\/svg\" width=\"16\" height=\"16\" fill=\"currentColor\" viewBox=\"0 0 16 16\"><path d=\"M4.715 6.542 3.343 7.914a3 3 0 1 0 4.243 4.243l1.828-1.829A3 3 0 0 0 8.586 5.5L8 6.086a1.002 1.002 0 0 0-.154.199 2 2 0 0 1 .861 3.337L6.88 11.45a2 2 0 1 1-2.83-2.83l.793-.792a4.018 4.018 0 0 1-.128-1.287z\"><\/path><path d=\"M6.586 4.672A3 3 0 0 0 7.414 9.5l.775-.776a2 2 0 0 1-.896-3.346L9.12 3.55a2 2 0 1 1 2.83 2.83l-.793.792c.112.42.155.855.128 1.287l1.372-1.372a3 3 0 1 0-4.243-4.243L6.586 4.672z\"><\/path><\/svg><\/a><\/div><img decoding=\"async\" src=\"https:\/\/strauss-digital.com\/wp-content\/uploads\/2024\/03\/Untitled_design__7_-removebg-preview-1.png\" alt=\"\"\/><\/div><\/div><div class=\"swiper-slide\"><div class=\"swiper-container-outer zoom__in\"><div class=\"gutslider-overlay\"><a class=\"overlay-icon\" href=\"https:\/\/www.vindija.hr\/\" target=\"_blank\" rel=\"noopener noreferrer\"><svg xmlns=\"http:\/\/www.w3.org\/2000\/svg\" width=\"16\" height=\"16\" fill=\"currentColor\" viewBox=\"0 0 16 16\"><path d=\"M4.715 6.542 3.343 7.914a3 3 0 1 0 4.243 4.243l1.828-1.829A3 3 0 0 0 8.586 5.5L8 6.086a1.002 1.002 0 0 0-.154.199 2 2 0 0 1 .861 3.337L6.88 11.45a2 2 0 1 1-2.83-2.83l.793-.792a4.018 4.018 0 0 1-.128-1.287z\"><\/path><path d=\"M6.586 4.672A3 3 0 0 0 7.414 9.5l.775-.776a2 2 0 0 1-.896-3.346L9.12 3.55a2 2 0 1 1 2.83 2.83l-.793.792c.112.42.155.855.128 1.287l1.372-1.372a3 3 0 1 0-4.243-4.243L6.586 4.672z\"><\/path><\/svg><\/a><\/div><img decoding=\"async\" src=\"https:\/\/strauss-digital.com\/wp-content\/uploads\/2024\/03\/Untitled_design__2_-removebg-preview-1.png\" alt=\"\"\/><\/div><\/div><div class=\"swiper-slide\"><div class=\"swiper-container-outer zoom__in\"><div class=\"gutslider-overlay\"><a class=\"overlay-icon\" href=\"https:\/\/energo-s.hr\/\" target=\"_blank\" rel=\"noopener noreferrer\"><svg xmlns=\"http:\/\/www.w3.org\/2000\/svg\" width=\"16\" height=\"16\" fill=\"currentColor\" viewBox=\"0 0 16 16\"><path d=\"M4.715 6.542 3.343 7.914a3 3 0 1 0 4.243 4.243l1.828-1.829A3 3 0 0 0 8.586 5.5L8 6.086a1.002 1.002 0 0 0-.154.199 2 2 0 0 1 .861 3.337L6.88 11.45a2 2 0 1 1-2.83-2.83l.793-.792a4.018 4.018 0 0 1-.128-1.287z\"><\/path><path d=\"M6.586 4.672A3 3 0 0 0 7.414 9.5l.775-.776a2 2 0 0 1-.896-3.346L9.12 3.55a2 2 0 1 1 2.83 2.83l-.793.792c.112.42.155.855.128 1.287l1.372-1.372a3 3 0 1 0-4.243-4.243L6.586 4.672z\"><\/path><\/svg><\/a><\/div><img decoding=\"async\" src=\"https:\/\/strauss-digital.com\/wp-content\/uploads\/2024\/03\/Untitled_design__5_-removebg-preview-1.png\" alt=\"\"\/><\/div><\/div><div class=\"swiper-slide\"><div class=\"swiper-container-outer zoom__in\"><div class=\"gutslider-overlay\"><a class=\"overlay-icon\" href=\"https:\/\/automobil-loncar.peugeot.hr\/?location=VARAZDIN%7C0\" target=\"_blank\" rel=\"noopener noreferrer\"><svg xmlns=\"http:\/\/www.w3.org\/2000\/svg\" width=\"16\" height=\"16\" fill=\"currentColor\" viewBox=\"0 0 16 16\"><path d=\"M4.715 6.542 3.343 7.914a3 3 0 1 0 4.243 4.243l1.828-1.829A3 3 0 0 0 8.586 5.5L8 6.086a1.002 1.002 0 0 0-.154.199 2 2 0 0 1 .861 3.337L6.88 11.45a2 2 0 1 1-2.83-2.83l.793-.792a4.018 4.018 0 0 1-.128-1.287z\"><\/path><path d=\"M6.586 4.672A3 3 0 0 0 7.414 9.5l.775-.776a2 2 0 0 1-.896-3.346L9.12 3.55a2 2 0 1 1 2.83 2.83l-.793.792c.112.42.155.855.128 1.287l1.372-1.372a3 3 0 1 0-4.243-4.243L6.586 4.672z\"><\/path><\/svg><\/a><\/div><img decoding=\"async\" src=\"https:\/\/strauss-digital.com\/wp-content\/uploads\/2024\/03\/Untitled_design__8_-removebg-preview-1.png\" alt=\"\"\/><\/div><\/div><\/div><\/div><div class=\"swiper-pagination\"><\/div><\/div>\n","protected":false},"excerpt":{"rendered":"","protected":false},"author":1,"featured_media":39,"parent":0,"menu_order":0,"comment_status":"closed","ping_status":"closed","template":"page-templates\/template-pagebuilder-full-width.php","meta":{"om_disable_all_campaigns":false,"_eb_attr":"","_monsterinsights_skip_tracking":false,"_monsterinsights_sitenote_active":false,"_monsterinsights_sitenote_note":"","_monsterinsights_sitenote_category":0,"_uf_show_specific_survey":0,"_uf_disable_surveys":false,"footnotes":""},"class_list":["post-47","page","type-page","status-publish","has-post-thumbnail","hentry"],"aioseo_notices":[],"_links":{"self":[{"href":"https:\/\/strauss-digital.com\/index.php?rest_route=\/wp\/v2\/pages\/47","targetHints":{"allow":["GET"]}}],"collection":[{"href":"https:\/\/strauss-digital.com\/index.php?rest_route=\/wp\/v2\/pages"}],"about":[{"href":"https:\/\/strauss-digital.com\/index.php?rest_route=\/wp\/v2\/types\/page"}],"author":[{"embeddable":true,"href":"https:\/\/strauss-digital.com\/index.php?rest_route=\/wp\/v2\/users\/1"}],"replies":[{"embeddable":true,"href":"https:\/\/strauss-digital.com\/index.php?rest_route=%2Fwp%2Fv2%2Fcomments&post=47"}],"version-history":[{"count":37,"href":"https:\/\/strauss-digital.com\/index.php?rest_route=\/wp\/v2\/pages\/47\/revisions"}],"predecessor-version":[{"id":643,"href":"https:\/\/strauss-digital.com\/index.php?rest_route=\/wp\/v2\/pages\/47\/revisions\/643"}],"wp:featuredmedia":[{"embeddable":true,"href":"https:\/\/strauss-digital.com\/index.php?rest_route=\/wp\/v2\/media\/39"}],"wp:attachment":[{"href":"https:\/\/strauss-digital.com\/index.php?rest_route=%2Fwp%2Fv2%2Fmedia&parent=47"}],"curies":[{"name":"wp","href":"https:\/\/api.w.org\/{rel}","templated":true}]}}