{"id":46,"date":"2023-10-21T19:54:31","date_gmt":"2023-10-21T19:54:31","guid":{"rendered":"https:\/\/strauss-digital.com\/?page_id=46"},"modified":"2024-03-16T16:29:04","modified_gmt":"2024-03-16T16:29:04","slug":"home","status":"publish","type":"page","link":"https:\/\/strauss-digital.com\/","title":{"rendered":"Glavna"},"content":{"rendered":"\n<div class=\"wp-block-cover alignfull hestia-clear-top-padding wp-duotone-unset-2\" style=\"min-height:2053px;aspect-ratio:unset;\"><span aria-hidden=\"true\" class=\"wp-block-cover__background has-background-color-background-color has-background-dim-100 has-background-dim\"><\/span><div class=\"wp-block-cover__inner-container is-layout-flow wp-block-cover-is-layout-flow\">\n<div style=\"height:35px\" aria-hidden=\"true\" class=\"wp-block-spacer\"><\/div>\n\n\n\n<h2 class=\"wp-block-heading has-text-align-center has-text-color\" style=\"color:#3c4858\"><mark style=\"background-color:rgba(0, 0, 0, 0);color:#c5a36e\" class=\"has-inline-color\">Prednosti na\u0161eg LED Displaya<\/mark><\/h2>\n\n\n\n<div style=\"height:30px\" aria-hidden=\"true\" class=\"wp-block-spacer\"><\/div>\n\n\n\n<div class=\"wp-block-columns container is-layout-flex wp-container-core-columns-is-layout-9d6595d7 wp-block-columns-is-layout-flex\">\n<div class=\"wp-block-column is-vertically-aligned-stretch is-layout-flow wp-block-column-is-layout-flow\"><div class=\"wp-block-image\">\n<figure class=\"aligncenter size-full is-resized\"><img loading=\"lazy\" decoding=\"async\" width=\"512\" height=\"512\" src=\"https:\/\/strauss-digital.com\/wp-content\/uploads\/2023\/11\/location-7-2.png\" alt=\"\" class=\"wp-image-133\" style=\"width:111px;height:auto\" srcset=\"https:\/\/strauss-digital.com\/wp-content\/uploads\/2023\/11\/location-7-2.png 512w, https:\/\/strauss-digital.com\/wp-content\/uploads\/2023\/11\/location-7-2-300x300.png 300w, https:\/\/strauss-digital.com\/wp-content\/uploads\/2023\/11\/location-7-2-150x150.png 150w\" sizes=\"auto, (max-width: 512px) 100vw, 512px\" \/><\/figure>\n<\/div>\n\n\n<h5 class=\"wp-block-heading has-text-align-center has-text-color\" style=\"color:#3c4858;font-size:18px\"><mark style=\"background-color:rgba(0, 0, 0, 0);color:#c5a36e\" class=\"has-inline-color\">Lokacija<\/mark><\/h5>\n\n\n\n<p class=\"has-text-align-center has-text-color\" style=\"color:#999999;font-size:14px\">Display se nalazi na vanjskom djelu popularnoga Caffe Bara <mark style=\"background-color:rgba(0, 0, 0, 0);color:#c5a36e\" class=\"has-inline-color\">Strauss Tree<\/mark> te jednoj od glavnih i<mark style=\"background-color:rgba(0, 0, 0, 0);color:#c5a36e\" class=\"has-inline-color\">najprometnijih ulica u centru Vara\u017edina<\/mark>odnosno raskri\u017eju \/ kru\u017enom toku<mark style=\"background-color:rgba(0, 0, 0, 0);color:#c5a36e\" class=\"has-inline-color\">Hallerove Aleje i Ulice Ratimira Hercega.<\/mark><\/p>\n\n\n\n<div style=\"height:25px\" aria-hidden=\"true\" class=\"wp-block-spacer\"><\/div>\n<\/div>\n\n\n\n<div class=\"wp-block-column is-layout-flow wp-block-column-is-layout-flow\"><div class=\"wp-block-image\">\n<figure class=\"aligncenter size-full is-resized\"><img loading=\"lazy\" decoding=\"async\" width=\"512\" height=\"512\" src=\"https:\/\/strauss-digital.com\/wp-content\/uploads\/2023\/11\/hd-2.png\" alt=\"\" class=\"wp-image-128\" style=\"width:110px;height:auto\" srcset=\"https:\/\/strauss-digital.com\/wp-content\/uploads\/2023\/11\/hd-2.png 512w, https:\/\/strauss-digital.com\/wp-content\/uploads\/2023\/11\/hd-2-300x300.png 300w, https:\/\/strauss-digital.com\/wp-content\/uploads\/2023\/11\/hd-2-150x150.png 150w\" sizes=\"auto, (max-width: 512px) 100vw, 512px\" \/><\/figure>\n<\/div>\n\n\n<h5 class=\"wp-block-heading has-text-align-center has-text-color\" style=\"color:#3c4858;font-size:18px\"><mark style=\"background-color:rgba(0, 0, 0, 0);color:#c5a36e\" class=\"has-inline-color\">Rezolucija<\/mark><\/h5>\n\n\n\n<p class=\"has-text-align-center has-text-color\" style=\"color:#999999;font-size:14px\">Display visoke<mark style=\"background-color:rgba(0, 0, 0, 0);color:#c5a36e\" class=\"has-inline-color\">HD rezolucije 1024x640p<\/mark>te razmak izme\u0111u LED-ica iznosi<mark style=\"background-color:rgba(0, 0, 0, 0);color:#c5a36e\" class=\"has-inline-color\">3.9mm (pitch)<\/mark>\u0161to omogu\u0107uje vrlo dobru vidljivost s daljine, blizine te o\u0161trih kuteva.<\/p>\n\n\n\n<div style=\"height:25px\" aria-hidden=\"true\" class=\"wp-block-spacer\"><\/div>\n<\/div>\n\n\n\n<div class=\"wp-block-column is-layout-flow wp-block-column-is-layout-flow\"><div class=\"wp-block-image\">\n<figure class=\"aligncenter size-full is-resized\"><img loading=\"lazy\" decoding=\"async\" width=\"512\" height=\"512\" src=\"https:\/\/strauss-digital.com\/wp-content\/uploads\/2023\/11\/screen-1-2.png\" alt=\"\" class=\"wp-image-140\" style=\"width:110px;height:auto\" srcset=\"https:\/\/strauss-digital.com\/wp-content\/uploads\/2023\/11\/screen-1-2.png 512w, https:\/\/strauss-digital.com\/wp-content\/uploads\/2023\/11\/screen-1-2-300x300.png 300w, https:\/\/strauss-digital.com\/wp-content\/uploads\/2023\/11\/screen-1-2-150x150.png 150w\" sizes=\"auto, (max-width: 512px) 100vw, 512px\" \/><\/figure>\n<\/div>\n\n\n<h5 class=\"wp-block-heading has-text-align-center has-text-color\" style=\"color:#3c4858;font-size:18px\"><mark style=\"background-color:rgba(0, 0, 0, 0);color:#c5a36e\" class=\"has-inline-color\">Dimenzije<\/mark><\/h5>\n\n\n\n<p class=\"has-text-align-center has-text-color\" style=\"color:#999999;font-size:14px\">Dimenzije displaya su<mark style=\"background-color:rgba(0, 0, 0, 0);color:#c5a36e\" class=\"has-inline-color\">4 metra \u0161irine<\/mark>i<mark style=\"background-color:rgba(0, 0, 0, 0);color:#c5a36e\" class=\"has-inline-color\">2.5 metra visine<\/mark>, odnosno<mark style=\"background-color:rgba(0, 0, 0, 0);color:#c5a36e\" class=\"has-inline-color\">10m<sup>2<\/sup><\/mark>\u0161to daje Va\u0161em oglasu vidiljivost s<mark style=\"background-color:rgba(0, 0, 0, 0);color:#c5a36e\" class=\"has-inline-color\">vi\u0161e od 50 metara.<\/mark><\/p>\n\n\n\n<div style=\"height:25px\" aria-hidden=\"true\" class=\"wp-block-spacer\"><\/div>\n<\/div>\n<\/div>\n\n\n\n<div class=\"wp-block-columns container is-layout-flex wp-container-core-columns-is-layout-9d6595d7 wp-block-columns-is-layout-flex\">\n<div class=\"wp-block-column is-layout-flow wp-block-column-is-layout-flow\"><div class=\"wp-block-image\">\n<figure class=\"aligncenter size-full is-resized\"><img loading=\"lazy\" decoding=\"async\" width=\"512\" height=\"512\" src=\"https:\/\/strauss-digital.com\/wp-content\/uploads\/2023\/11\/megaphone-1.png\" alt=\"\" class=\"wp-image-139\" style=\"width:108px;height:auto\" srcset=\"https:\/\/strauss-digital.com\/wp-content\/uploads\/2023\/11\/megaphone-1.png 512w, https:\/\/strauss-digital.com\/wp-content\/uploads\/2023\/11\/megaphone-1-300x300.png 300w, https:\/\/strauss-digital.com\/wp-content\/uploads\/2023\/11\/megaphone-1-150x150.png 150w\" sizes=\"auto, (max-width: 512px) 100vw, 512px\" \/><\/figure>\n<\/div>\n\n\n<h5 class=\"wp-block-heading has-text-align-center has-text-color\" style=\"color:#3c4858;font-size:18px\"><mark style=\"background-color:rgba(0, 0, 0, 0);color:#c5a36e\" class=\"has-inline-color\">Broj Prikaza<\/mark><\/h5>\n\n\n\n<p class=\"has-text-align-center has-text-color\" style=\"color:#999999;font-size:14px\">Minimalan broj prikaza Va\u0161eg oglasa je<mark style=\"background-color:rgba(0, 0, 0, 0);color:#c5a36e\" class=\"has-inline-color\"> izme\u0111u 250 i 500 puta u jednom danu.<\/mark>Broj prikaza varira ovisno o broju klijenata. <\/p>\n\n\n\n<div style=\"height:0px\" aria-hidden=\"true\" class=\"wp-block-spacer\"><\/div>\n<\/div>\n\n\n\n<div class=\"wp-block-column is-layout-flow wp-block-column-is-layout-flow\"><div class=\"wp-block-image\">\n<figure class=\"aligncenter size-full is-resized\"><img loading=\"lazy\" decoding=\"async\" width=\"512\" height=\"512\" src=\"https:\/\/strauss-digital.com\/wp-content\/uploads\/2023\/11\/wall-clock.png\" alt=\"\" class=\"wp-image-137\" style=\"width:108px;height:auto\" srcset=\"https:\/\/strauss-digital.com\/wp-content\/uploads\/2023\/11\/wall-clock.png 512w, https:\/\/strauss-digital.com\/wp-content\/uploads\/2023\/11\/wall-clock-300x300.png 300w, https:\/\/strauss-digital.com\/wp-content\/uploads\/2023\/11\/wall-clock-150x150.png 150w\" sizes=\"auto, (max-width: 512px) 100vw, 512px\" \/><\/figure>\n<\/div>\n\n\n<h5 class=\"wp-block-heading has-text-align-center has-text-color\" style=\"color:#3c4858;font-size:18px\"><mark style=\"background-color:rgba(0, 0, 0, 0);color:#c5a36e\" class=\"has-inline-color\">Trajanje<\/mark><\/h5>\n\n\n\n<p class=\"has-text-align-center has-text-color\" style=\"color:#999999;font-size:14px\">Svojim klijentima nudimo mogu\u0107nost najma oglasnosnog prostora u trajanju od <mark style=\"background-color:rgba(0, 0, 0, 0);color:#c5a36e\" class=\"has-inline-color\">15 ili 20 sekundi<\/mark> te planove od<mark style=\"background-color:rgba(0, 0, 0, 0);color:#c5a36e\" class=\"has-inline-color\">1, 3, 6 ili 12 mjeseci.<\/mark><\/p>\n\n\n\n<div style=\"height:0px\" aria-hidden=\"true\" class=\"wp-block-spacer\"><\/div>\n<\/div>\n\n\n\n<div class=\"wp-block-column is-layout-flow wp-block-column-is-layout-flow\"><div class=\"wp-block-image\">\n<figure class=\"aligncenter size-full is-resized\"><img loading=\"lazy\" decoding=\"async\" width=\"512\" height=\"512\" src=\"https:\/\/strauss-digital.com\/wp-content\/uploads\/2023\/11\/video-editor.png\" alt=\"\" class=\"wp-image-141\" style=\"width:108px;height:auto\" srcset=\"https:\/\/strauss-digital.com\/wp-content\/uploads\/2023\/11\/video-editor.png 512w, https:\/\/strauss-digital.com\/wp-content\/uploads\/2023\/11\/video-editor-300x300.png 300w, https:\/\/strauss-digital.com\/wp-content\/uploads\/2023\/11\/video-editor-150x150.png 150w\" sizes=\"auto, (max-width: 512px) 100vw, 512px\" \/><\/figure>\n<\/div>\n\n\n<h5 class=\"wp-block-heading has-text-align-center has-text-color\" style=\"color:#3c4858;font-size:18px\"><mark style=\"background-color:rgba(0, 0, 0, 0);color:#c5a36e\" class=\"has-inline-color\">Izrada oglasa<\/mark><\/h5>\n\n\n\n<p class=\"has-text-align-center has-text-color\" style=\"color:#999999;font-size:14px\">Za zainteresirane klijente<mark style=\"background-color:rgba(0, 0, 0, 0);color:#c5a36e\" class=\"has-inline-color\">koji nemaju video<\/mark> materijal za promociju svoga poduze\u0107a, nudimo<mark style=\"background-color:rgba(0, 0, 0, 0);color:#c5a36e\" class=\"has-inline-color\">mogu\u0107nost izrade oglasa za Vas.<\/mark><\/p>\n<\/div>\n<\/div>\n\n\n\n<div style=\"height:40px\" aria-hidden=\"true\" class=\"wp-block-spacer\"><\/div>\n\n\n\n<h2 class=\"wp-block-heading has-text-align-center\"><mark style=\"background-color:rgba(0, 0, 0, 0);color:#c5a36e\" class=\"has-inline-color\">Cjenik planova ogla\u0161avanja<\/mark><\/h2>\n\n\n\n<p class=\"has-text-align-center\">Pla\u0107anje se vr\u0161i u mjese\u010dnim ratama ili jednokratnom uplatom prema va\u0161oj \u017eelji.<br>Iskazane cijene su <strong>bez PDV-a<\/strong>.<\/p>\n\n\n\n<div style=\"height:40px\" aria-hidden=\"true\" class=\"wp-block-spacer\"><\/div>\n\n\n\n<div class=\"wp-block-group is-vertical is-content-justification-center is-nowrap is-layout-flex wp-container-core-group-is-layout-fc169830 wp-block-group-is-layout-flex\">\n<div class=\"wp-block-columns is-layout-flex wp-container-core-columns-is-layout-9d6595d7 wp-block-columns-is-layout-flex\">\n<div class=\"wp-block-column is-vertically-aligned-center is-layout-flow wp-block-column-is-layout-flow\" style=\"flex-basis:100%\">\n<figure class=\"wp-block-table aligncenter is-style-regular\"><table class=\"has-background-color-background-color has-background has-fixed-layout\"><tbody><tr><td class=\"has-text-align-center\" data-align=\"center\"><strong><mark style=\"background-color:rgba(0, 0, 0, 0);color:#c5a36e\" class=\"has-inline-color\">TRAJANJE OGLASA<\/mark><\/strong><\/td><td class=\"has-text-align-center\" data-align=\"center\"><strong><mark style=\"background-color:rgba(0, 0, 0, 0);color:#c5a36e\" class=\"has-inline-color\">15 SEKUNDI<\/mark><\/strong><\/td><td class=\"has-text-align-center\" data-align=\"center\"><strong><mark style=\"background-color:rgba(0, 0, 0, 0);color:#c5a36e\" class=\"has-inline-color\">20 SEKUNDI<\/mark><\/strong><\/td><\/tr><tr><td class=\"has-text-align-center\" data-align=\"center\"><strong><mark style=\"background-color:rgba(0, 0, 0, 0);color:#c5a36e\" class=\"has-inline-color\">1 MJESEC<\/mark><\/strong><\/td><td class=\"has-text-align-center\" data-align=\"center\"><strong>230\u20ac<br><\/strong><em>0% o.p.<\/em><\/td><td class=\"has-text-align-center\" data-align=\"center\"><strong>300\u20ac<br><\/strong><em>0% o.p.<\/em><\/td><\/tr><tr><td class=\"has-text-align-center\" data-align=\"center\"><strong><mark style=\"background-color:rgba(0, 0, 0, 0);color:#c5a36e\" class=\"has-inline-color\">3 MJESECA<\/mark><\/strong><\/td><td class=\"has-text-align-center\" data-align=\"center\"><strong>620\u20ac<br><\/strong><em>10% o.p<\/em>.<\/td><td class=\"has-text-align-center\" data-align=\"center\"><strong>800\u20ac<\/strong><br><em>11% o.p.<\/em><\/td><\/tr><tr><td class=\"has-text-align-center\" data-align=\"center\"><strong><mark style=\"background-color:rgba(0, 0, 0, 0);color:#c5a36e\" class=\"has-inline-color\">6 MJESECI<\/mark><\/strong><\/td><td class=\"has-text-align-center\" data-align=\"center\"><strong>1.100\u20ac<br><\/strong><em>20% o.p.<\/em><\/td><td class=\"has-text-align-center\" data-align=\"center\"><strong>1.400\u20ac<\/strong><br><em>22% o.p.<\/em><\/td><\/tr><tr><td class=\"has-text-align-center\" data-align=\"center\"><strong><mark style=\"background-color:rgba(0, 0, 0, 0);color:#c5a36e\" class=\"has-inline-color\">12 MJESECI<\/mark><\/strong><\/td><td class=\"has-text-align-center\" data-align=\"center\"><strong>2.000\u20ac<br><\/strong><em>27% o.p.<\/em><\/td><td class=\"has-text-align-center\" data-align=\"center\"><strong>2.500\u20ac<\/strong><br><em>30% o.p.<\/em><\/td><\/tr><\/tbody><\/table><\/figure>\n<\/div>\n<\/div>\n<\/div>\n\n\n\n<p><em>o.p. &#8211; odobren popust<\/em><\/p>\n\n\n\n<div style=\"height:65px\" aria-hidden=\"true\" class=\"wp-block-spacer\"><\/div>\n\n\n\n<div style=\"width: 100%\"><iframe loading=\"lazy\" width=\"100%\" height=\"400\" frameborder=\"0\" scrolling=\"no\" marginheight=\"0\" marginwidth=\"0\" <iframe loading=\"lazy\" style=\"filter: invert(90%) hue-rotate(180deg)\" src=\"https:\/\/www.google.com\/maps\/embed?pb=!1m18!1m12!1m3!1d819.370288536719!2d16.327527827860923!3d46.30939752122297!2m3!1f0!2f0!3f0!3m2!1i1024!2i768!4f13.1!3m3!1m2!1s0x4768abc5d82e6a67%3A0x5442d76b13e71bd6!2sStrauss%20Tree!5e0!3m2!1shr!2shr!4v1701202781207!5m2!1shr!2shr?&#038; width=100%25&amp;height=400&amp;hl=en&amp;q=povernei%2020+(My%20Business%20Name)&amp;t=&amp;&#038;z=14&amp;ie=UTF8&amp;iwloc=B&amp;output=embed\"><\/iframe><\/div>\n\n\n\n<div style=\"height:40px\" aria-hidden=\"true\" class=\"wp-block-spacer\"><\/div>\n\n\n\n<h2 class=\"wp-block-heading has-text-align-center\"><mark style=\"background-color:rgba(0, 0, 0, 0);color:#c5a36e\" class=\"has-inline-color\">Galerija<\/mark><\/h2>\n\n\n\n<div style=\"height:40px\" aria-hidden=\"true\" class=\"wp-block-spacer\"><\/div>\n\n\n\n<figure class=\"wp-block-gallery has-nested-images columns-default is-cropped wp-block-gallery-1 is-layout-flex wp-block-gallery-is-layout-flex\">\n<figure class=\"wp-block-image size-large\"><img loading=\"lazy\" decoding=\"async\" width=\"1024\" height=\"768\" data-id=\"584\" src=\"https:\/\/strauss-digital.com\/wp-content\/uploads\/2024\/01\/20231128_220215-1024x768.jpg\" alt=\"\" class=\"wp-image-584\" srcset=\"https:\/\/strauss-digital.com\/wp-content\/uploads\/2024\/01\/20231128_220215-1024x768.jpg 1024w, https:\/\/strauss-digital.com\/wp-content\/uploads\/2024\/01\/20231128_220215-300x225.jpg 300w, https:\/\/strauss-digital.com\/wp-content\/uploads\/2024\/01\/20231128_220215-768x576.jpg 768w, https:\/\/strauss-digital.com\/wp-content\/uploads\/2024\/01\/20231128_220215-1536x1152.jpg 1536w, https:\/\/strauss-digital.com\/wp-content\/uploads\/2024\/01\/20231128_220215-2048x1536.jpg 2048w\" sizes=\"auto, (max-width: 1024px) 100vw, 1024px\" \/><\/figure>\n\n\n\n<figure class=\"wp-block-image size-large\"><img loading=\"lazy\" decoding=\"async\" width=\"1024\" height=\"768\" data-id=\"582\" src=\"https:\/\/strauss-digital.com\/wp-content\/uploads\/2024\/01\/20231129_135003-1-1024x768.jpg\" alt=\"\" class=\"wp-image-582\" srcset=\"https:\/\/strauss-digital.com\/wp-content\/uploads\/2024\/01\/20231129_135003-1-1024x768.jpg 1024w, https:\/\/strauss-digital.com\/wp-content\/uploads\/2024\/01\/20231129_135003-1-300x225.jpg 300w, https:\/\/strauss-digital.com\/wp-content\/uploads\/2024\/01\/20231129_135003-1-768x576.jpg 768w, https:\/\/strauss-digital.com\/wp-content\/uploads\/2024\/01\/20231129_135003-1-1536x1152.jpg 1536w, https:\/\/strauss-digital.com\/wp-content\/uploads\/2024\/01\/20231129_135003-1-2048x1536.jpg 2048w\" sizes=\"auto, (max-width: 1024px) 100vw, 1024px\" \/><\/figure>\n\n\n\n<figure class=\"wp-block-image size-large\"><img loading=\"lazy\" decoding=\"async\" width=\"1024\" height=\"768\" data-id=\"583\" src=\"https:\/\/strauss-digital.com\/wp-content\/uploads\/2024\/01\/20231129_135407-1024x768.jpg\" alt=\"\" class=\"wp-image-583\" srcset=\"https:\/\/strauss-digital.com\/wp-content\/uploads\/2024\/01\/20231129_135407-1024x768.jpg 1024w, https:\/\/strauss-digital.com\/wp-content\/uploads\/2024\/01\/20231129_135407-300x225.jpg 300w, https:\/\/strauss-digital.com\/wp-content\/uploads\/2024\/01\/20231129_135407-768x576.jpg 768w, https:\/\/strauss-digital.com\/wp-content\/uploads\/2024\/01\/20231129_135407-1536x1152.jpg 1536w, https:\/\/strauss-digital.com\/wp-content\/uploads\/2024\/01\/20231129_135407.jpg 1841w\" sizes=\"auto, (max-width: 1024px) 100vw, 1024px\" \/><\/figure>\n<\/figure>\n\n\n\n<div style=\"height:40px\" aria-hidden=\"true\" class=\"wp-block-spacer\"><\/div>\n\n\n\n<h2 class=\"wp-block-heading has-text-align-center\"><mark style=\"background-color:rgba(0, 0, 0, 0);color:#c5a36e\" class=\"has-inline-color\">Neki od na\u0161ih klijenata<\/mark><\/h2>\n\n\n\n<div style=\"height:15px\" aria-hidden=\"true\" class=\"wp-block-spacer\"><\/div>\n<\/div><\/div>\n\n\n\n<div style=\"height:30px\" aria-hidden=\"true\" class=\"wp-block-spacer\"><\/div>\n\n\n\n<div class=\"wp-block-gutsliders-logo-carousel gutslider-052e6a5e nav_inside nav_bc has__pagination\" data-swiper-options=\"{&quot;slidesPerView&quot;:4,&quot;spaceBetween&quot;:0,&quot;loop&quot;:true,&quot;autoplay&quot;:{&quot;delay&quot;:1000,&quot;pauseOnMouseEnter&quot;:false,&quot;stopOnLastSlide&quot;:false,&quot;reverseDirection&quot;:false},&quot;speed&quot;:1000,&quot;navigation&quot;:false,&quot;pagination&quot;:{&quot;el&quot;:&quot;.gutslider-052e6a5e .swiper-pagination&quot;,&quot;type&quot;:&quot;bullets&quot;,&quot;dynamicBullets&quot;:true,&quot;clickable&quot;:true},&quot;effect&quot;:&quot;slide&quot;,&quot;keyboard&quot;:{&quot;enabled&quot;:false},&quot;mousewheel&quot;:true,&quot;breakpoints&quot;:{&quot;400&quot;:{&quot;slidesPerView&quot;:&quot;1&quot;,&quot;spaceBetween&quot;:&quot;1&quot;},&quot;600&quot;:{&quot;slidesPerView&quot;:2,&quot;spaceBetween&quot;:15},&quot;1025&quot;:{&quot;slidesPerView&quot;:3,&quot;spaceBetween&quot;:15}}}\"><div class=\"swiper\"><div class=\"swiper-wrapper\"><div class=\"swiper-slide\"><div class=\"swiper-container-outer zoom__in\"><div class=\"gutslider-overlay\"><a class=\"overlay-icon\" href=\"https:\/\/www.guinness.com\/en\" target=\"_blank\" rel=\"noopener noreferrer\"><svg xmlns=\"http:\/\/www.w3.org\/2000\/svg\" width=\"16\" height=\"16\" fill=\"currentColor\" viewBox=\"0 0 16 16\"><path d=\"M4.715 6.542 3.343 7.914a3 3 0 1 0 4.243 4.243l1.828-1.829A3 3 0 0 0 8.586 5.5L8 6.086a1.002 1.002 0 0 0-.154.199 2 2 0 0 1 .861 3.337L6.88 11.45a2 2 0 1 1-2.83-2.83l.793-.792a4.018 4.018 0 0 1-.128-1.287z\"><\/path><path d=\"M6.586 4.672A3 3 0 0 0 7.414 9.5l.775-.776a2 2 0 0 1-.896-3.346L9.12 3.55a2 2 0 1 1 2.83 2.83l-.793.792c.112.42.155.855.128 1.287l1.372-1.372a3 3 0 1 0-4.243-4.243L6.586 4.672z\"><\/path><\/svg><\/a><\/div><img decoding=\"async\" src=\"https:\/\/strauss-digital.com\/wp-content\/uploads\/2024\/03\/Untitled_design__6_-removebg-preview.png\" alt=\"\"\/><\/div><\/div><div class=\"swiper-slide\"><div class=\"swiper-container-outer zoom__in\"><div class=\"gutslider-overlay\"><a class=\"overlay-icon\" href=\"https:\/\/www.coca-cola.com\/hr\/hr\" target=\"_blank\" rel=\"noopener noreferrer\"><svg xmlns=\"http:\/\/www.w3.org\/2000\/svg\" width=\"16\" height=\"16\" fill=\"currentColor\" viewBox=\"0 0 16 16\"><path d=\"M4.715 6.542 3.343 7.914a3 3 0 1 0 4.243 4.243l1.828-1.829A3 3 0 0 0 8.586 5.5L8 6.086a1.002 1.002 0 0 0-.154.199 2 2 0 0 1 .861 3.337L6.88 11.45a2 2 0 1 1-2.83-2.83l.793-.792a4.018 4.018 0 0 1-.128-1.287z\"><\/path><path d=\"M6.586 4.672A3 3 0 0 0 7.414 9.5l.775-.776a2 2 0 0 1-.896-3.346L9.12 3.55a2 2 0 1 1 2.83 2.83l-.793.792c.112.42.155.855.128 1.287l1.372-1.372a3 3 0 1 0-4.243-4.243L6.586 4.672z\"><\/path><\/svg><\/a><\/div><img decoding=\"async\" src=\"https:\/\/strauss-digital.com\/wp-content\/uploads\/2024\/03\/Untitled_design__3_-removebg-preview.png\" alt=\"\"\/><\/div><\/div><div class=\"swiper-slide\"><div class=\"swiper-container-outer zoom__in\"><div class=\"gutslider-overlay\"><a class=\"overlay-icon\" href=\"https:\/\/www.illy.com\/en-ww\/home\" target=\"_blank\" rel=\"noopener noreferrer\"><svg xmlns=\"http:\/\/www.w3.org\/2000\/svg\" width=\"16\" height=\"16\" fill=\"currentColor\" viewBox=\"0 0 16 16\"><path d=\"M4.715 6.542 3.343 7.914a3 3 0 1 0 4.243 4.243l1.828-1.829A3 3 0 0 0 8.586 5.5L8 6.086a1.002 1.002 0 0 0-.154.199 2 2 0 0 1 .861 3.337L6.88 11.45a2 2 0 1 1-2.83-2.83l.793-.792a4.018 4.018 0 0 1-.128-1.287z\"><\/path><path d=\"M6.586 4.672A3 3 0 0 0 7.414 9.5l.775-.776a2 2 0 0 1-.896-3.346L9.12 3.55a2 2 0 1 1 2.83 2.83l-.793.792c.112.42.155.855.128 1.287l1.372-1.372a3 3 0 1 0-4.243-4.243L6.586 4.672z\"><\/path><\/svg><\/a><\/div><img decoding=\"async\" src=\"https:\/\/strauss-digital.com\/wp-content\/uploads\/2024\/03\/Untitled_design__7_-removebg-preview.png\" alt=\"\"\/><\/div><\/div><div class=\"swiper-slide\"><div class=\"swiper-container-outer zoom__in\"><div class=\"gutslider-overlay\"><a class=\"overlay-icon\" href=\"https:\/\/www.vindija.hr\/\" target=\"_blank\" rel=\"noopener noreferrer\"><svg xmlns=\"http:\/\/www.w3.org\/2000\/svg\" width=\"16\" height=\"16\" fill=\"currentColor\" viewBox=\"0 0 16 16\"><path d=\"M4.715 6.542 3.343 7.914a3 3 0 1 0 4.243 4.243l1.828-1.829A3 3 0 0 0 8.586 5.5L8 6.086a1.002 1.002 0 0 0-.154.199 2 2 0 0 1 .861 3.337L6.88 11.45a2 2 0 1 1-2.83-2.83l.793-.792a4.018 4.018 0 0 1-.128-1.287z\"><\/path><path d=\"M6.586 4.672A3 3 0 0 0 7.414 9.5l.775-.776a2 2 0 0 1-.896-3.346L9.12 3.55a2 2 0 1 1 2.83 2.83l-.793.792c.112.42.155.855.128 1.287l1.372-1.372a3 3 0 1 0-4.243-4.243L6.586 4.672z\"><\/path><\/svg><\/a><\/div><img decoding=\"async\" src=\"https:\/\/strauss-digital.com\/wp-content\/uploads\/2024\/03\/Untitled_design__2_-removebg-preview.png\" alt=\"\"\/><\/div><\/div><div class=\"swiper-slide\"><div class=\"swiper-container-outer zoom__in\"><div class=\"gutslider-overlay\"><a class=\"overlay-icon\" href=\"https:\/\/energo-s.hr\/\" target=\"_blank\" rel=\"noopener noreferrer\"><svg xmlns=\"http:\/\/www.w3.org\/2000\/svg\" width=\"16\" height=\"16\" fill=\"currentColor\" viewBox=\"0 0 16 16\"><path d=\"M4.715 6.542 3.343 7.914a3 3 0 1 0 4.243 4.243l1.828-1.829A3 3 0 0 0 8.586 5.5L8 6.086a1.002 1.002 0 0 0-.154.199 2 2 0 0 1 .861 3.337L6.88 11.45a2 2 0 1 1-2.83-2.83l.793-.792a4.018 4.018 0 0 1-.128-1.287z\"><\/path><path d=\"M6.586 4.672A3 3 0 0 0 7.414 9.5l.775-.776a2 2 0 0 1-.896-3.346L9.12 3.55a2 2 0 1 1 2.83 2.83l-.793.792c.112.42.155.855.128 1.287l1.372-1.372a3 3 0 1 0-4.243-4.243L6.586 4.672z\"><\/path><\/svg><\/a><\/div><img decoding=\"async\" src=\"https:\/\/strauss-digital.com\/wp-content\/uploads\/2024\/03\/Untitled_design__5_-removebg-preview.png\" alt=\"\"\/><\/div><\/div><div class=\"swiper-slide\"><div class=\"swiper-container-outer zoom__in\"><div class=\"gutslider-overlay\"><a class=\"overlay-icon\" href=\"https:\/\/automobil-loncar.peugeot.hr\/?location=VARAZDIN%7C0\" target=\"_blank\" rel=\"noopener noreferrer\"><svg xmlns=\"http:\/\/www.w3.org\/2000\/svg\" width=\"16\" height=\"16\" fill=\"currentColor\" viewBox=\"0 0 16 16\"><path d=\"M4.715 6.542 3.343 7.914a3 3 0 1 0 4.243 4.243l1.828-1.829A3 3 0 0 0 8.586 5.5L8 6.086a1.002 1.002 0 0 0-.154.199 2 2 0 0 1 .861 3.337L6.88 11.45a2 2 0 1 1-2.83-2.83l.793-.792a4.018 4.018 0 0 1-.128-1.287z\"><\/path><path d=\"M6.586 4.672A3 3 0 0 0 7.414 9.5l.775-.776a2 2 0 0 1-.896-3.346L9.12 3.55a2 2 0 1 1 2.83 2.83l-.793.792c.112.42.155.855.128 1.287l1.372-1.372a3 3 0 1 0-4.243-4.243L6.586 4.672z\"><\/path><\/svg><\/a><\/div><img decoding=\"async\" src=\"https:\/\/strauss-digital.com\/wp-content\/uploads\/2024\/03\/Untitled_design__8_-removebg-preview.png\" alt=\"\"\/><\/div><\/div><\/div><\/div><div class=\"swiper-pagination\"><\/div><\/div>\n","protected":false},"excerpt":{"rendered":"","protected":false},"author":1,"featured_media":0,"parent":0,"menu_order":0,"comment_status":"closed","ping_status":"closed","template":"","meta":{"om_disable_all_campaigns":false,"_eb_attr":"","_monsterinsights_skip_tracking":false,"_monsterinsights_sitenote_active":false,"_monsterinsights_sitenote_note":"","_monsterinsights_sitenote_category":0,"_uf_show_specific_survey":0,"_uf_disable_surveys":false,"footnotes":""},"class_list":["post-46","page","type-page","status-publish","hentry"],"aioseo_notices":[],"_links":{"self":[{"href":"https:\/\/strauss-digital.com\/index.php?rest_route=\/wp\/v2\/pages\/46","targetHints":{"allow":["GET"]}}],"collection":[{"href":"https:\/\/strauss-digital.com\/index.php?rest_route=\/wp\/v2\/pages"}],"about":[{"href":"https:\/\/strauss-digital.com\/index.php?rest_route=\/wp\/v2\/types\/page"}],"author":[{"embeddable":true,"href":"https:\/\/strauss-digital.com\/index.php?rest_route=\/wp\/v2\/users\/1"}],"replies":[{"embeddable":true,"href":"https:\/\/strauss-digital.com\/index.php?rest_route=%2Fwp%2Fv2%2Fcomments&post=46"}],"version-history":[{"count":165,"href":"https:\/\/strauss-digital.com\/index.php?rest_route=\/wp\/v2\/pages\/46\/revisions"}],"predecessor-version":[{"id":648,"href":"https:\/\/strauss-digital.com\/index.php?rest_route=\/wp\/v2\/pages\/46\/revisions\/648"}],"wp:attachment":[{"href":"https:\/\/strauss-digital.com\/index.php?rest_route=%2Fwp%2Fv2%2Fmedia&parent=46"}],"curies":[{"name":"wp","href":"https:\/\/api.w.org\/{rel}","templated":true}]}}